{"id":616,"date":"2024-02-17T08:35:38","date_gmt":"2024-02-17T08:35:38","guid":{"rendered":"https:\/\/test.lunaris.wroclaw.pl\/produkt\/numerologisches-portraet\/"},"modified":"2024-04-12T12:25:40","modified_gmt":"2024-04-12T12:25:40","slug":"numerologisches-portraet","status":"publish","type":"product","link":"https:\/\/test.lunaris.wroclaw.pl\/de\/produkt\/numerologisches-portraet\/","title":{"rendered":"Numerologisches Portr\u00e4t"},"content":{"rendered":"<p>Unser Leben ist wie ein Baum &#8211; das Hauptthema ist der Stamm, und die Krone und all die \u00c4ste und Zweige, aus denen er besteht, sind die Bausteine des Lebens. Bl\u00e4tter in verschiedenen Farben sind die Kreaturen, die auf unserem Weg erscheinen. Das alles steht in Resonanz zueinander und beeinflusst sich gegenseitig.<\/p>\n<p>Erinnern wir uns daran, dass alles, was wir erleben werden, f\u00fcr uns ma\u00dfgeschneidert ist &#8211; denn unsere Seelen haben entschieden, was sie wollen und ertragen k\u00f6nnen. Es ist ein Irrtum zu glauben, dass etwas jenseits von uns liegt. Verstehen ist der Schl\u00fcssel zum Erfolg.<\/p>\n<p>Auf der Grundlage des Geburtsdatums und aller Namen erstellen wir einen Datensatz von mehreren Dutzend Seiten. Im Portr\u00e4t gehe ich auf Ihren Lebensweg, Ihre Pers\u00f6nlichkeit und Ihre Potenziale ein. Es wird wie eine Landkarte sein, der Plan f\u00fcr Ihre irdische Reise.<\/p>\n<p>Ich freue mich darauf, von Ihnen zu h\u00f6ren.<\/p>\n<p>&nbsp;<\/p>\n<p><a href=\"https:\/\/test.lunaris.wroclaw.pl\/kontakt\/\"><img loading=\"lazy\" decoding=\"async\" class=\"size-full wp-image-444\" src=\"https:\/\/test.lunaris.wroclaw.pl\/wp-content\/uploads\/2024\/02\/button.png\" alt=\"Fragen Sie nach dem Preis\" width=\"245\" height=\"73\"><\/a><\/p>\n","protected":false},"excerpt":{"rendered":"<p>Im Portr\u00e4t gehe ich auf Ihren Lebensweg, Ihre Pers\u00f6nlichkeit und Ihre Potenziale ein.<br \/>\nEs wird wie eine Landkarte sein, der Plan f\u00fcr Ihre irdische Reise.<\/p>\n","protected":false},"featured_media":562,"comment_status":"closed","ping_status":"closed","template":"","meta":{"_et_pb_use_builder":"off","_et_pb_old_content":"Unser Leben ist wie ein Baum - das Hauptthema ist der Stamm, und die Krone und all die \u00c4ste und Zweige, aus denen er besteht, sind die Bausteine des Lebens. Bl\u00e4tter in verschiedenen Farben sind die Kreaturen, die auf unserem Weg erscheinen. Das alles steht in Resonanz zueinander und beeinflusst sich gegenseitig.\n\nErinnern wir uns daran, dass alles, was wir erleben werden, f\u00fcr uns ma\u00dfgeschneidert ist - denn unsere Seelen haben entschieden, was sie wollen und ertragen k\u00f6nnen. Es ist ein Irrtum zu glauben, dass etwas jenseits von uns liegt. Verstehen ist der Schl\u00fcssel zum Erfolg.\n\nAuf der Grundlage des Geburtsdatums und aller Namen erstellen wir einen Datensatz von mehreren Dutzend Seiten. Im Portr\u00e4t gehe ich auf Ihren Lebensweg, Ihre Pers\u00f6nlichkeit und Ihre Potenziale ein. Es wird wie eine Landkarte sein, der Plan f\u00fcr Ihre irdische Reise.\n\nIch freue mich darauf, von Ihnen zu h\u00f6ren.\n\n ","_et_gb_content_width":""},"product_cat":[43],"product_tag":[45,44,46],"class_list":{"0":"post-616","1":"product","2":"type-product","3":"status-publish","4":"has-post-thumbnail","6":"product_cat-einzelne-sitzungen","7":"product_tag-einzelne-sitzung","8":"product_tag-numerologie","9":"product_tag-numerologisches-bild","11":"first","12":"instock","13":"shipping-taxable","14":"purchasable","15":"product-type-simple"},"yoast_head":"<!-- This site is optimized with the Yoast SEO plugin v24.1 - https:\/\/yoast.com\/wordpress\/plugins\/seo\/ -->\n<title>Numerologisches Portr\u00e4t - Lunaris<\/title>\n<meta name=\"robots\" content=\"noindex, follow, max-snippet:-1, max-image-preview:large, max-video-preview:-1\" \/>\n<meta property=\"og:locale\" content=\"de_DE\" \/>\n<meta property=\"og:type\" content=\"article\" \/>\n<meta property=\"og:title\" content=\"Numerologisches Portr\u00e4t - Lunaris\" \/>\n<meta property=\"og:description\" content=\"Im Portr\u00e4t gehe ich auf Ihren Lebensweg, Ihre Pers\u00f6nlichkeit und Ihre Potenziale ein. Es wird wie eine Landkarte sein, der Plan f\u00fcr Ihre irdische Reise.\" \/>\n<meta property=\"og:url\" content=\"https:\/\/test.lunaris.wroclaw.pl\/de\/produkt\/numerologisches-portraet\/\" \/>\n<meta property=\"og:site_name\" content=\"Lunaris\" \/>\n<meta property=\"article:publisher\" content=\"https:\/\/www.facebook.com\/lunaris.numerologia\" \/>\n<meta property=\"article:modified_time\" content=\"2024-04-12T12:25:40+00:00\" \/>\n<meta property=\"og:image\" content=\"https:\/\/test.lunaris.wroclaw.pl\/wp-content\/uploads\/2024\/02\/portret-numerologiczny.webp\" \/>\n\t<meta property=\"og:image:width\" content=\"1200\" \/>\n\t<meta property=\"og:image:height\" content=\"800\" \/>\n\t<meta property=\"og:image:type\" content=\"image\/webp\" \/>\n<meta name=\"twitter:card\" content=\"summary_large_image\" \/>\n<meta name=\"twitter:label1\" content=\"Gesch\u00e4tzte Lesezeit\" \/>\n\t<meta name=\"twitter:data1\" content=\"1 Minute\" \/>\n<script type=\"application\/ld+json\" class=\"yoast-schema-graph\">{\"@context\":\"https:\/\/schema.org\",\"@graph\":[{\"@type\":\"WebPage\",\"@id\":\"https:\/\/test.lunaris.wroclaw.pl\/de\/produkt\/numerologisches-portraet\/\",\"url\":\"https:\/\/test.lunaris.wroclaw.pl\/de\/produkt\/numerologisches-portraet\/\",\"name\":\"Numerologisches Portr\u00e4t - Lunaris\",\"isPartOf\":{\"@id\":\"https:\/\/test.lunaris.wroclaw.pl\/de\/#website\"},\"primaryImageOfPage\":{\"@id\":\"https:\/\/test.lunaris.wroclaw.pl\/de\/produkt\/numerologisches-portraet\/#primaryimage\"},\"image\":{\"@id\":\"https:\/\/test.lunaris.wroclaw.pl\/de\/produkt\/numerologisches-portraet\/#primaryimage\"},\"thumbnailUrl\":\"https:\/\/test.lunaris.wroclaw.pl\/wp-content\/uploads\/2024\/02\/portret-numerologiczny.webp\",\"datePublished\":\"2024-02-17T08:35:38+00:00\",\"dateModified\":\"2024-04-12T12:25:40+00:00\",\"breadcrumb\":{\"@id\":\"https:\/\/test.lunaris.wroclaw.pl\/de\/produkt\/numerologisches-portraet\/#breadcrumb\"},\"inLanguage\":\"de\",\"potentialAction\":[{\"@type\":\"ReadAction\",\"target\":[\"https:\/\/test.lunaris.wroclaw.pl\/de\/produkt\/numerologisches-portraet\/\"]}]},{\"@type\":\"ImageObject\",\"inLanguage\":\"de\",\"@id\":\"https:\/\/test.lunaris.wroclaw.pl\/de\/produkt\/numerologisches-portraet\/#primaryimage\",\"url\":\"https:\/\/test.lunaris.wroclaw.pl\/wp-content\/uploads\/2024\/02\/portret-numerologiczny.webp\",\"contentUrl\":\"https:\/\/test.lunaris.wroclaw.pl\/wp-content\/uploads\/2024\/02\/portret-numerologiczny.webp\",\"width\":1200,\"height\":800,\"caption\":\"Portret numerologiczny - Lunaris\"},{\"@type\":\"BreadcrumbList\",\"@id\":\"https:\/\/test.lunaris.wroclaw.pl\/de\/produkt\/numerologisches-portraet\/#breadcrumb\",\"itemListElement\":[{\"@type\":\"ListItem\",\"position\":1,\"name\":\"Strona g\u0142\u00f3wna\",\"item\":\"https:\/\/test.lunaris.wroclaw.pl\/de\/homepage\/\"},{\"@type\":\"ListItem\",\"position\":2,\"name\":\"Shop\",\"item\":\"https:\/\/test.lunaris.wroclaw.pl\/de\/shop\/\"},{\"@type\":\"ListItem\",\"position\":3,\"name\":\"Numerologisches Portr\u00e4t\"}]},{\"@type\":\"WebSite\",\"@id\":\"https:\/\/test.lunaris.wroclaw.pl\/de\/#website\",\"url\":\"https:\/\/test.lunaris.wroclaw.pl\/de\/\",\"name\":\"Lunaris\",\"description\":\"Numerologia\",\"publisher\":{\"@id\":\"https:\/\/test.lunaris.wroclaw.pl\/de\/#organization\"},\"potentialAction\":[{\"@type\":\"SearchAction\",\"target\":{\"@type\":\"EntryPoint\",\"urlTemplate\":\"https:\/\/test.lunaris.wroclaw.pl\/de\/?s={search_term_string}\"},\"query-input\":{\"@type\":\"PropertyValueSpecification\",\"valueRequired\":true,\"valueName\":\"search_term_string\"}}],\"inLanguage\":\"de\"},{\"@type\":\"Organization\",\"@id\":\"https:\/\/test.lunaris.wroclaw.pl\/de\/#organization\",\"name\":\"Lunaris\",\"url\":\"https:\/\/test.lunaris.wroclaw.pl\/de\/\",\"logo\":{\"@type\":\"ImageObject\",\"inLanguage\":\"de\",\"@id\":\"https:\/\/test.lunaris.wroclaw.pl\/de\/#\/schema\/logo\/image\/\",\"url\":\"https:\/\/test.lunaris.wroclaw.pl\/wp-content\/uploads\/2024\/02\/logo-Lunaris.png\",\"contentUrl\":\"https:\/\/test.lunaris.wroclaw.pl\/wp-content\/uploads\/2024\/02\/logo-Lunaris.png\",\"width\":226,\"height\":150,\"caption\":\"Lunaris\"},\"image\":{\"@id\":\"https:\/\/test.lunaris.wroclaw.pl\/de\/#\/schema\/logo\/image\/\"},\"sameAs\":[\"https:\/\/www.facebook.com\/lunaris.numerologia\"]}]}<\/script>\n<!-- \/ Yoast SEO plugin. -->","yoast_head_json":{"title":"Numerologisches Portr\u00e4t - Lunaris","robots":{"index":"noindex","follow":"follow","max-snippet":"max-snippet:-1","max-image-preview":"max-image-preview:large","max-video-preview":"max-video-preview:-1"},"og_locale":"de_DE","og_type":"article","og_title":"Numerologisches Portr\u00e4t - Lunaris","og_description":"Im Portr\u00e4t gehe ich auf Ihren Lebensweg, Ihre Pers\u00f6nlichkeit und Ihre Potenziale ein. Es wird wie eine Landkarte sein, der Plan f\u00fcr Ihre irdische Reise.","og_url":"https:\/\/test.lunaris.wroclaw.pl\/de\/produkt\/numerologisches-portraet\/","og_site_name":"Lunaris","article_publisher":"https:\/\/www.facebook.com\/lunaris.numerologia","article_modified_time":"2024-04-12T12:25:40+00:00","og_image":[{"width":1200,"height":800,"url":"https:\/\/test.lunaris.wroclaw.pl\/wp-content\/uploads\/2024\/02\/portret-numerologiczny.webp","type":"image\/webp"}],"twitter_card":"summary_large_image","twitter_misc":{"Gesch\u00e4tzte Lesezeit":"1 Minute"},"schema":{"@context":"https:\/\/schema.org","@graph":[{"@type":"WebPage","@id":"https:\/\/test.lunaris.wroclaw.pl\/de\/produkt\/numerologisches-portraet\/","url":"https:\/\/test.lunaris.wroclaw.pl\/de\/produkt\/numerologisches-portraet\/","name":"Numerologisches Portr\u00e4t - Lunaris","isPartOf":{"@id":"https:\/\/test.lunaris.wroclaw.pl\/de\/#website"},"primaryImageOfPage":{"@id":"https:\/\/test.lunaris.wroclaw.pl\/de\/produkt\/numerologisches-portraet\/#primaryimage"},"image":{"@id":"https:\/\/test.lunaris.wroclaw.pl\/de\/produkt\/numerologisches-portraet\/#primaryimage"},"thumbnailUrl":"https:\/\/test.lunaris.wroclaw.pl\/wp-content\/uploads\/2024\/02\/portret-numerologiczny.webp","datePublished":"2024-02-17T08:35:38+00:00","dateModified":"2024-04-12T12:25:40+00:00","breadcrumb":{"@id":"https:\/\/test.lunaris.wroclaw.pl\/de\/produkt\/numerologisches-portraet\/#breadcrumb"},"inLanguage":"de","potentialAction":[{"@type":"ReadAction","target":["https:\/\/test.lunaris.wroclaw.pl\/de\/produkt\/numerologisches-portraet\/"]}]},{"@type":"ImageObject","inLanguage":"de","@id":"https:\/\/test.lunaris.wroclaw.pl\/de\/produkt\/numerologisches-portraet\/#primaryimage","url":"https:\/\/test.lunaris.wroclaw.pl\/wp-content\/uploads\/2024\/02\/portret-numerologiczny.webp","contentUrl":"https:\/\/test.lunaris.wroclaw.pl\/wp-content\/uploads\/2024\/02\/portret-numerologiczny.webp","width":1200,"height":800,"caption":"Portret numerologiczny - Lunaris"},{"@type":"BreadcrumbList","@id":"https:\/\/test.lunaris.wroclaw.pl\/de\/produkt\/numerologisches-portraet\/#breadcrumb","itemListElement":[{"@type":"ListItem","position":1,"name":"Strona g\u0142\u00f3wna","item":"https:\/\/test.lunaris.wroclaw.pl\/de\/homepage\/"},{"@type":"ListItem","position":2,"name":"Shop","item":"https:\/\/test.lunaris.wroclaw.pl\/de\/shop\/"},{"@type":"ListItem","position":3,"name":"Numerologisches Portr\u00e4t"}]},{"@type":"WebSite","@id":"https:\/\/test.lunaris.wroclaw.pl\/de\/#website","url":"https:\/\/test.lunaris.wroclaw.pl\/de\/","name":"Lunaris","description":"Numerologia","publisher":{"@id":"https:\/\/test.lunaris.wroclaw.pl\/de\/#organization"},"potentialAction":[{"@type":"SearchAction","target":{"@type":"EntryPoint","urlTemplate":"https:\/\/test.lunaris.wroclaw.pl\/de\/?s={search_term_string}"},"query-input":{"@type":"PropertyValueSpecification","valueRequired":true,"valueName":"search_term_string"}}],"inLanguage":"de"},{"@type":"Organization","@id":"https:\/\/test.lunaris.wroclaw.pl\/de\/#organization","name":"Lunaris","url":"https:\/\/test.lunaris.wroclaw.pl\/de\/","logo":{"@type":"ImageObject","inLanguage":"de","@id":"https:\/\/test.lunaris.wroclaw.pl\/de\/#\/schema\/logo\/image\/","url":"https:\/\/test.lunaris.wroclaw.pl\/wp-content\/uploads\/2024\/02\/logo-Lunaris.png","contentUrl":"https:\/\/test.lunaris.wroclaw.pl\/wp-content\/uploads\/2024\/02\/logo-Lunaris.png","width":226,"height":150,"caption":"Lunaris"},"image":{"@id":"https:\/\/test.lunaris.wroclaw.pl\/de\/#\/schema\/logo\/image\/"},"sameAs":["https:\/\/www.facebook.com\/lunaris.numerologia"]}]}},"_links":{"self":[{"href":"https:\/\/test.lunaris.wroclaw.pl\/de\/wp-json\/wp\/v2\/product\/616","targetHints":{"allow":["GET"]}}],"collection":[{"href":"https:\/\/test.lunaris.wroclaw.pl\/de\/wp-json\/wp\/v2\/product"}],"about":[{"href":"https:\/\/test.lunaris.wroclaw.pl\/de\/wp-json\/wp\/v2\/types\/product"}],"replies":[{"embeddable":true,"href":"https:\/\/test.lunaris.wroclaw.pl\/de\/wp-json\/wp\/v2\/comments?post=616"}],"wp:featuredmedia":[{"embeddable":true,"href":"https:\/\/test.lunaris.wroclaw.pl\/de\/wp-json\/wp\/v2\/media\/562"}],"wp:attachment":[{"href":"https:\/\/test.lunaris.wroclaw.pl\/de\/wp-json\/wp\/v2\/media?parent=616"}],"wp:term":[{"taxonomy":"product_cat","embeddable":true,"href":"https:\/\/test.lunaris.wroclaw.pl\/de\/wp-json\/wp\/v2\/product_cat?post=616"},{"taxonomy":"product_tag","embeddable":true,"href":"https:\/\/test.lunaris.wroclaw.pl\/de\/wp-json\/wp\/v2\/product_tag?post=616"}],"curies":[{"name":"wp","href":"https:\/\/api.w.org\/{rel}","templated":true}]}}