{"id":336,"date":"2024-02-17T18:35:01","date_gmt":"2024-02-17T18:35:01","guid":{"rendered":"https:\/\/test.lunaris.wroclaw.pl\/?post_type=product&#038;p=336"},"modified":"2024-04-12T06:05:27","modified_gmt":"2024-04-12T06:05:27","slug":"numerologia-biznesu","status":"publish","type":"product","link":"https:\/\/test.lunaris.wroclaw.pl\/de\/produkt\/numerologia-biznesu\/","title":{"rendered":"Numerologia biznesu"},"content":{"rendered":"<p>Ka\u017cdy z nas poprzez swoj\u0105 Drog\u0119 \u017bycia rezonuje z innym etapem \u017cycia na kt\u00f3rym obecnie si\u0119 znajduje. W zale\u017cno\u015bci od tego, jakie decyzje przychodzi nam w obecnym momencie podj\u0105\u0107, warto przyjrze\u0107 si\u0119 cyfrom, jakie si\u0119 za tym kryj\u0105.<\/p>\n<p>W biznesie b\u0119d\u0105 to takie aspekty jak nazwa firmy, moment otwarcia firmy, data podpisywania um\u00f3w, jak r\u00f3wnie\u017c dob\u00f3r pracownik\u00f3w w zespole. W zale\u017cno\u015bci od zakresu wsparcia, jakiego ode mnie oczekujesz, uzgodnimy wynagrodzenie za to zlecenie.<\/p>\n<p>&nbsp;<\/p>\n<p><a href=\"https:\/\/test.lunaris.wroclaw.pl\/kontakt\/\"><img loading=\"lazy\" decoding=\"async\" class=\"size-full wp-image-444\" src=\"https:\/\/test.lunaris.wroclaw.pl\/wp-content\/uploads\/2024\/02\/button.png\" alt=\"Zapytaj o cen\u0119\" width=\"245\" height=\"73\" \/><\/a><\/p>\n","protected":false},"excerpt":{"rendered":"<p>Ka\u017cdy z nas poprzez swoj\u0105 Drog\u0119 \u017bycia rezonuje z innym etapem \u017cycia na kt\u00f3rym obecnie si\u0119 znajduje. W zale\u017cno\u015bci od tego, jakie decyzje przychodzi nam w obecnym momencie podj\u0105\u0107, warto przyjrze\u0107 si\u0119 cyfrom, jakie si\u0119 za tym kryj\u0105. W biznesie b\u0119d\u0105 to takie aspekty jak nazwa firmy, moment otwarcia firmy, data podpisywania um\u00f3w, jak r\u00f3wnie\u017c [&hellip;]<\/p>\n","protected":false},"featured_media":337,"comment_status":"closed","ping_status":"closed","template":"","meta":{"_et_pb_use_builder":"","_et_pb_old_content":"","_et_gb_content_width":""},"product_cat":[28],"product_tag":[25,33,34],"class_list":{"0":"post-336","1":"product","2":"type-product","3":"status-publish","4":"has-post-thumbnail","6":"product_cat-sesje-biznesowe","7":"product_tag-numerologia","8":"product_tag-numerologia-biznesu","9":"product_tag-numerologiczna-sesja-biznesowa","11":"first","12":"instock","13":"shipping-taxable","14":"purchasable","15":"product-type-simple"},"yoast_head":"<!-- This site is optimized with the Yoast SEO plugin v24.1 - https:\/\/yoast.com\/wordpress\/plugins\/seo\/ -->\n<title>Numerologia biznesu - Lunaris<\/title>\n<meta name=\"robots\" content=\"noindex, follow, max-snippet:-1, max-image-preview:large, max-video-preview:-1\" \/>\n<meta property=\"og:locale\" content=\"de_DE\" \/>\n<meta property=\"og:type\" content=\"article\" \/>\n<meta property=\"og:title\" content=\"Numerologia biznesu - Lunaris\" \/>\n<meta property=\"og:description\" content=\"Ka\u017cdy z nas poprzez swoj\u0105 Drog\u0119 \u017bycia rezonuje z innym etapem \u017cycia na kt\u00f3rym obecnie si\u0119 znajduje. W zale\u017cno\u015bci od tego, jakie decyzje przychodzi nam w obecnym momencie podj\u0105\u0107, warto przyjrze\u0107 si\u0119 cyfrom, jakie si\u0119 za tym kryj\u0105. W biznesie b\u0119d\u0105 to takie aspekty jak nazwa firmy, moment otwarcia firmy, data podpisywania um\u00f3w, jak r\u00f3wnie\u017c [&hellip;]\" \/>\n<meta property=\"og:url\" content=\"https:\/\/test.lunaris.wroclaw.pl\/de\/produkt\/numerologia-biznesu\/\" \/>\n<meta property=\"og:site_name\" content=\"Lunaris\" \/>\n<meta property=\"article:publisher\" content=\"https:\/\/www.facebook.com\/lunaris.numerologia\" \/>\n<meta property=\"article:modified_time\" content=\"2024-04-12T06:05:27+00:00\" \/>\n<meta property=\"og:image\" content=\"https:\/\/test.lunaris.wroclaw.pl\/wp-content\/uploads\/2024\/02\/numerologia-biznesu.webp\" \/>\n\t<meta property=\"og:image:width\" content=\"1200\" \/>\n\t<meta property=\"og:image:height\" content=\"800\" \/>\n\t<meta property=\"og:image:type\" content=\"image\/webp\" \/>\n<meta name=\"twitter:card\" content=\"summary_large_image\" \/>\n<meta name=\"twitter:label1\" content=\"Gesch\u00e4tzte Lesezeit\" \/>\n\t<meta name=\"twitter:data1\" content=\"1 Minute\" \/>\n<script type=\"application\/ld+json\" class=\"yoast-schema-graph\">{\"@context\":\"https:\/\/schema.org\",\"@graph\":[{\"@type\":\"WebPage\",\"@id\":\"https:\/\/test.lunaris.wroclaw.pl\/de\/produkt\/numerologia-biznesu\/\",\"url\":\"https:\/\/test.lunaris.wroclaw.pl\/de\/produkt\/numerologia-biznesu\/\",\"name\":\"Numerologia biznesu - Lunaris\",\"isPartOf\":{\"@id\":\"https:\/\/test.lunaris.wroclaw.pl\/de\/#website\"},\"primaryImageOfPage\":{\"@id\":\"https:\/\/test.lunaris.wroclaw.pl\/de\/produkt\/numerologia-biznesu\/#primaryimage\"},\"image\":{\"@id\":\"https:\/\/test.lunaris.wroclaw.pl\/de\/produkt\/numerologia-biznesu\/#primaryimage\"},\"thumbnailUrl\":\"https:\/\/test.lunaris.wroclaw.pl\/wp-content\/uploads\/2024\/02\/numerologia-biznesu.webp\",\"datePublished\":\"2024-02-17T18:35:01+00:00\",\"dateModified\":\"2024-04-12T06:05:27+00:00\",\"breadcrumb\":{\"@id\":\"https:\/\/test.lunaris.wroclaw.pl\/de\/produkt\/numerologia-biznesu\/#breadcrumb\"},\"inLanguage\":\"de\",\"potentialAction\":[{\"@type\":\"ReadAction\",\"target\":[\"https:\/\/test.lunaris.wroclaw.pl\/de\/produkt\/numerologia-biznesu\/\"]}]},{\"@type\":\"ImageObject\",\"inLanguage\":\"de\",\"@id\":\"https:\/\/test.lunaris.wroclaw.pl\/de\/produkt\/numerologia-biznesu\/#primaryimage\",\"url\":\"https:\/\/test.lunaris.wroclaw.pl\/wp-content\/uploads\/2024\/02\/numerologia-biznesu.webp\",\"contentUrl\":\"https:\/\/test.lunaris.wroclaw.pl\/wp-content\/uploads\/2024\/02\/numerologia-biznesu.webp\",\"width\":1200,\"height\":800,\"caption\":\"Numerologia Biznesu - Lunaris\"},{\"@type\":\"BreadcrumbList\",\"@id\":\"https:\/\/test.lunaris.wroclaw.pl\/de\/produkt\/numerologia-biznesu\/#breadcrumb\",\"itemListElement\":[{\"@type\":\"ListItem\",\"position\":1,\"name\":\"Strona g\u0142\u00f3wna\",\"item\":\"https:\/\/test.lunaris.wroclaw.pl\/de\/homepage\/\"},{\"@type\":\"ListItem\",\"position\":2,\"name\":\"Shop\",\"item\":\"https:\/\/test.lunaris.wroclaw.pl\/de\/shop\/\"},{\"@type\":\"ListItem\",\"position\":3,\"name\":\"Numerologia biznesu\"}]},{\"@type\":\"WebSite\",\"@id\":\"https:\/\/test.lunaris.wroclaw.pl\/de\/#website\",\"url\":\"https:\/\/test.lunaris.wroclaw.pl\/de\/\",\"name\":\"Lunaris\",\"description\":\"Numerologia\",\"publisher\":{\"@id\":\"https:\/\/test.lunaris.wroclaw.pl\/de\/#organization\"},\"potentialAction\":[{\"@type\":\"SearchAction\",\"target\":{\"@type\":\"EntryPoint\",\"urlTemplate\":\"https:\/\/test.lunaris.wroclaw.pl\/de\/?s={search_term_string}\"},\"query-input\":{\"@type\":\"PropertyValueSpecification\",\"valueRequired\":true,\"valueName\":\"search_term_string\"}}],\"inLanguage\":\"de\"},{\"@type\":\"Organization\",\"@id\":\"https:\/\/test.lunaris.wroclaw.pl\/de\/#organization\",\"name\":\"Lunaris\",\"url\":\"https:\/\/test.lunaris.wroclaw.pl\/de\/\",\"logo\":{\"@type\":\"ImageObject\",\"inLanguage\":\"de\",\"@id\":\"https:\/\/test.lunaris.wroclaw.pl\/de\/#\/schema\/logo\/image\/\",\"url\":\"https:\/\/test.lunaris.wroclaw.pl\/wp-content\/uploads\/2024\/02\/logo-Lunaris.png\",\"contentUrl\":\"https:\/\/test.lunaris.wroclaw.pl\/wp-content\/uploads\/2024\/02\/logo-Lunaris.png\",\"width\":226,\"height\":150,\"caption\":\"Lunaris\"},\"image\":{\"@id\":\"https:\/\/test.lunaris.wroclaw.pl\/de\/#\/schema\/logo\/image\/\"},\"sameAs\":[\"https:\/\/www.facebook.com\/lunaris.numerologia\"]}]}<\/script>\n<!-- \/ Yoast SEO plugin. -->","yoast_head_json":{"title":"Numerologia biznesu - Lunaris","robots":{"index":"noindex","follow":"follow","max-snippet":"max-snippet:-1","max-image-preview":"max-image-preview:large","max-video-preview":"max-video-preview:-1"},"og_locale":"de_DE","og_type":"article","og_title":"Numerologia biznesu - Lunaris","og_description":"Ka\u017cdy z nas poprzez swoj\u0105 Drog\u0119 \u017bycia rezonuje z innym etapem \u017cycia na kt\u00f3rym obecnie si\u0119 znajduje. W zale\u017cno\u015bci od tego, jakie decyzje przychodzi nam w obecnym momencie podj\u0105\u0107, warto przyjrze\u0107 si\u0119 cyfrom, jakie si\u0119 za tym kryj\u0105. W biznesie b\u0119d\u0105 to takie aspekty jak nazwa firmy, moment otwarcia firmy, data podpisywania um\u00f3w, jak r\u00f3wnie\u017c [&hellip;]","og_url":"https:\/\/test.lunaris.wroclaw.pl\/de\/produkt\/numerologia-biznesu\/","og_site_name":"Lunaris","article_publisher":"https:\/\/www.facebook.com\/lunaris.numerologia","article_modified_time":"2024-04-12T06:05:27+00:00","og_image":[{"width":1200,"height":800,"url":"https:\/\/test.lunaris.wroclaw.pl\/wp-content\/uploads\/2024\/02\/numerologia-biznesu.webp","type":"image\/webp"}],"twitter_card":"summary_large_image","twitter_misc":{"Gesch\u00e4tzte Lesezeit":"1 Minute"},"schema":{"@context":"https:\/\/schema.org","@graph":[{"@type":"WebPage","@id":"https:\/\/test.lunaris.wroclaw.pl\/de\/produkt\/numerologia-biznesu\/","url":"https:\/\/test.lunaris.wroclaw.pl\/de\/produkt\/numerologia-biznesu\/","name":"Numerologia biznesu - Lunaris","isPartOf":{"@id":"https:\/\/test.lunaris.wroclaw.pl\/de\/#website"},"primaryImageOfPage":{"@id":"https:\/\/test.lunaris.wroclaw.pl\/de\/produkt\/numerologia-biznesu\/#primaryimage"},"image":{"@id":"https:\/\/test.lunaris.wroclaw.pl\/de\/produkt\/numerologia-biznesu\/#primaryimage"},"thumbnailUrl":"https:\/\/test.lunaris.wroclaw.pl\/wp-content\/uploads\/2024\/02\/numerologia-biznesu.webp","datePublished":"2024-02-17T18:35:01+00:00","dateModified":"2024-04-12T06:05:27+00:00","breadcrumb":{"@id":"https:\/\/test.lunaris.wroclaw.pl\/de\/produkt\/numerologia-biznesu\/#breadcrumb"},"inLanguage":"de","potentialAction":[{"@type":"ReadAction","target":["https:\/\/test.lunaris.wroclaw.pl\/de\/produkt\/numerologia-biznesu\/"]}]},{"@type":"ImageObject","inLanguage":"de","@id":"https:\/\/test.lunaris.wroclaw.pl\/de\/produkt\/numerologia-biznesu\/#primaryimage","url":"https:\/\/test.lunaris.wroclaw.pl\/wp-content\/uploads\/2024\/02\/numerologia-biznesu.webp","contentUrl":"https:\/\/test.lunaris.wroclaw.pl\/wp-content\/uploads\/2024\/02\/numerologia-biznesu.webp","width":1200,"height":800,"caption":"Numerologia Biznesu - Lunaris"},{"@type":"BreadcrumbList","@id":"https:\/\/test.lunaris.wroclaw.pl\/de\/produkt\/numerologia-biznesu\/#breadcrumb","itemListElement":[{"@type":"ListItem","position":1,"name":"Strona g\u0142\u00f3wna","item":"https:\/\/test.lunaris.wroclaw.pl\/de\/homepage\/"},{"@type":"ListItem","position":2,"name":"Shop","item":"https:\/\/test.lunaris.wroclaw.pl\/de\/shop\/"},{"@type":"ListItem","position":3,"name":"Numerologia biznesu"}]},{"@type":"WebSite","@id":"https:\/\/test.lunaris.wroclaw.pl\/de\/#website","url":"https:\/\/test.lunaris.wroclaw.pl\/de\/","name":"Lunaris","description":"Numerologia","publisher":{"@id":"https:\/\/test.lunaris.wroclaw.pl\/de\/#organization"},"potentialAction":[{"@type":"SearchAction","target":{"@type":"EntryPoint","urlTemplate":"https:\/\/test.lunaris.wroclaw.pl\/de\/?s={search_term_string}"},"query-input":{"@type":"PropertyValueSpecification","valueRequired":true,"valueName":"search_term_string"}}],"inLanguage":"de"},{"@type":"Organization","@id":"https:\/\/test.lunaris.wroclaw.pl\/de\/#organization","name":"Lunaris","url":"https:\/\/test.lunaris.wroclaw.pl\/de\/","logo":{"@type":"ImageObject","inLanguage":"de","@id":"https:\/\/test.lunaris.wroclaw.pl\/de\/#\/schema\/logo\/image\/","url":"https:\/\/test.lunaris.wroclaw.pl\/wp-content\/uploads\/2024\/02\/logo-Lunaris.png","contentUrl":"https:\/\/test.lunaris.wroclaw.pl\/wp-content\/uploads\/2024\/02\/logo-Lunaris.png","width":226,"height":150,"caption":"Lunaris"},"image":{"@id":"https:\/\/test.lunaris.wroclaw.pl\/de\/#\/schema\/logo\/image\/"},"sameAs":["https:\/\/www.facebook.com\/lunaris.numerologia"]}]}},"_links":{"self":[{"href":"https:\/\/test.lunaris.wroclaw.pl\/de\/wp-json\/wp\/v2\/product\/336","targetHints":{"allow":["GET"]}}],"collection":[{"href":"https:\/\/test.lunaris.wroclaw.pl\/de\/wp-json\/wp\/v2\/product"}],"about":[{"href":"https:\/\/test.lunaris.wroclaw.pl\/de\/wp-json\/wp\/v2\/types\/product"}],"replies":[{"embeddable":true,"href":"https:\/\/test.lunaris.wroclaw.pl\/de\/wp-json\/wp\/v2\/comments?post=336"}],"wp:featuredmedia":[{"embeddable":true,"href":"https:\/\/test.lunaris.wroclaw.pl\/de\/wp-json\/wp\/v2\/media\/337"}],"wp:attachment":[{"href":"https:\/\/test.lunaris.wroclaw.pl\/de\/wp-json\/wp\/v2\/media?parent=336"}],"wp:term":[{"taxonomy":"product_cat","embeddable":true,"href":"https:\/\/test.lunaris.wroclaw.pl\/de\/wp-json\/wp\/v2\/product_cat?post=336"},{"taxonomy":"product_tag","embeddable":true,"href":"https:\/\/test.lunaris.wroclaw.pl\/de\/wp-json\/wp\/v2\/product_tag?post=336"}],"curies":[{"name":"wp","href":"https:\/\/api.w.org\/{rel}","templated":true}]}}