{"id":331,"date":"2024-02-17T18:24:18","date_gmt":"2024-02-17T18:24:18","guid":{"rendered":"https:\/\/test.lunaris.wroclaw.pl\/?post_type=product&#038;p=331"},"modified":"2024-02-20T10:46:56","modified_gmt":"2024-02-20T10:46:56","slug":"portret-dziecka","status":"publish","type":"product","link":"https:\/\/test.lunaris.wroclaw.pl\/de\/produkt\/portret-dziecka\/","title":{"rendered":"Portret dziecka"},"content":{"rendered":"<p>Poczynaj\u0105c od \u017cycia pocz\u0119tego, poprzez rozw\u00f3j dziecka na poszczeg\u00f3lnych etapach \u017cycia, bliska memu sercu jest propozycja, aby wykorzysta\u0107 potencja\u0142 bycia rodzicem i podj\u0105\u0107 pr\u00f3b\u0119 wsparcia istoty, jak\u0105 jest dziecko. Na dat\u0119 urodzenia wp\u0142ywu nie mamy, ale mamy moc, aby skonsultowa\u0107 imiona i sprawdzi\u0107 jak b\u0119d\u0105 rezonowa\u0107 z nazwiskiem. Maj\u0105c \u015bwiadomo\u015b\u0107 potencja\u0142u i osobowo\u015bci dziecka mo\u017cemy wspiera\u0107 je na ka\u017cdym etapie rozwoju. Szanuj\u0105c woln\u0105 wol\u0119 ka\u017cdej istoty, nasze dzia\u0142ania polegaj\u0105 przede wszystkim na byciu towarzyszem dla najbli\u017cszych nam os\u00f3b. Mo\u017cemy uczestniczy\u0107 w tej podr\u00f3\u017cy, a wszech\u015bwiat ma wp\u0142yw na kierunek drogi \u017cycia.<\/p>\n<p>&nbsp;<\/p>\n<p><a href=\"https:\/\/test.lunaris.wroclaw.pl\/kontakt\/\"><img loading=\"lazy\" decoding=\"async\" class=\"size-full wp-image-444\" src=\"https:\/\/test.lunaris.wroclaw.pl\/wp-content\/uploads\/2024\/02\/button.png\" alt=\"Zapytaj o cen\u0119\" width=\"245\" height=\"73\" \/><\/a><\/p>\n","protected":false},"excerpt":{"rendered":"<p>Poczynaj\u0105c od \u017cycia pocz\u0119tego, poprzez rozw\u00f3j dziecka na poszczeg\u00f3lnych etapach \u017cycia, bliska memu sercu jest propozycja, aby wykorzysta\u0107 potencja\u0142 bycia rodzicem i podj\u0105\u0107 pr\u00f3b\u0119 wsparcia istoty, jak\u0105 jest dziecko. Na dat\u0119 urodzenia wp\u0142ywu nie mamy, ale mamy moc, aby skonsultowa\u0107 imiona i sprawdzi\u0107 jak b\u0119d\u0105 rezonowa\u0107 z nazwiskiem. Maj\u0105c \u015bwiadomo\u015b\u0107 potencja\u0142u i osobowo\u015bci dziecka mo\u017cemy [&hellip;]<\/p>\n","protected":false},"featured_media":332,"comment_status":"closed","ping_status":"closed","template":"","meta":{"_et_pb_use_builder":"off","_et_pb_old_content":"Poczynaj\u0105c od \u017cycia pocz\u0119tego, poprzez rozw\u00f3j dziecka na poszczeg\u00f3lnych etapach \u017cycia, bliska memu sercu jest propozycja, aby wykorzysta\u0107 potencja\u0142 bycia rodzicem i podj\u0105\u0107 pr\u00f3b\u0119 wsparcia istoty, jak\u0105 jest dziecko.\r\n\r\nNa dat\u0119 urodzenia wp\u0142ywu nie mamy, ale mamy moc, aby skonsultowa\u0107 imiona i sprawdzi\u0107 jak b\u0119d\u0105 rezonowa\u0107 z nazwiskiem.\r\n\r\nMaj\u0105c \u015bwiadomo\u015b\u0107 potencja\u0142u i osobowo\u015bci dziecka mo\u017cemy wspiera\u0107 je na ka\u017cdym etapie rozwoju. Szanuj\u0105c woln\u0105 wol\u0119 ka\u017cdej istoty, nasze dzia\u0142ania polegaj\u0105 przede wszystkim na byciu towarzyszem dla najbli\u017cszych nam os\u00f3b. Mo\u017cemy uczestniczy\u0107 w tej podr\u00f3\u017cy, a wszech\u015bwiat ma wp\u0142yw na kierunek drogi \u017cycia.","_et_gb_content_width":""},"product_cat":[24],"product_tag":[29,30,27],"class_list":{"0":"post-331","1":"product","2":"type-product","3":"status-publish","4":"has-post-thumbnail","6":"product_cat-sesje-indywidualne","7":"product_tag-dziecka","8":"product_tag-numerologia-dziecka","9":"product_tag-portret-numerologiczny","11":"first","12":"instock","13":"shipping-taxable","14":"product-type-simple"},"yoast_head":"<!-- This site is optimized with the Yoast SEO plugin v24.1 - https:\/\/yoast.com\/wordpress\/plugins\/seo\/ -->\n<title>Portret dziecka - Lunaris<\/title>\n<meta name=\"robots\" content=\"noindex, follow, max-snippet:-1, max-image-preview:large, max-video-preview:-1\" \/>\n<meta property=\"og:locale\" content=\"de_DE\" \/>\n<meta property=\"og:type\" content=\"article\" \/>\n<meta property=\"og:title\" content=\"Portret dziecka - Lunaris\" \/>\n<meta property=\"og:description\" content=\"Poczynaj\u0105c od \u017cycia pocz\u0119tego, poprzez rozw\u00f3j dziecka na poszczeg\u00f3lnych etapach \u017cycia, bliska memu sercu jest propozycja, aby wykorzysta\u0107 potencja\u0142 bycia rodzicem i podj\u0105\u0107 pr\u00f3b\u0119 wsparcia istoty, jak\u0105 jest dziecko. Na dat\u0119 urodzenia wp\u0142ywu nie mamy, ale mamy moc, aby skonsultowa\u0107 imiona i sprawdzi\u0107 jak b\u0119d\u0105 rezonowa\u0107 z nazwiskiem. Maj\u0105c \u015bwiadomo\u015b\u0107 potencja\u0142u i osobowo\u015bci dziecka mo\u017cemy [&hellip;]\" \/>\n<meta property=\"og:url\" content=\"https:\/\/test.lunaris.wroclaw.pl\/de\/produkt\/portret-dziecka\/\" \/>\n<meta property=\"og:site_name\" content=\"Lunaris\" \/>\n<meta property=\"article:publisher\" content=\"https:\/\/www.facebook.com\/lunaris.numerologia\" \/>\n<meta property=\"article:modified_time\" content=\"2024-02-20T10:46:56+00:00\" \/>\n<meta property=\"og:image\" content=\"https:\/\/test.lunaris.wroclaw.pl\/wp-content\/uploads\/2024\/02\/numerologia-portret-dziecka.webp\" \/>\n\t<meta property=\"og:image:width\" content=\"1200\" \/>\n\t<meta property=\"og:image:height\" content=\"800\" \/>\n\t<meta property=\"og:image:type\" content=\"image\/webp\" \/>\n<meta name=\"twitter:card\" content=\"summary_large_image\" \/>\n<meta name=\"twitter:label1\" content=\"Gesch\u00e4tzte Lesezeit\" \/>\n\t<meta name=\"twitter:data1\" content=\"1 Minute\" \/>\n<script type=\"application\/ld+json\" class=\"yoast-schema-graph\">{\"@context\":\"https:\/\/schema.org\",\"@graph\":[{\"@type\":\"WebPage\",\"@id\":\"https:\/\/test.lunaris.wroclaw.pl\/de\/produkt\/portret-dziecka\/\",\"url\":\"https:\/\/test.lunaris.wroclaw.pl\/de\/produkt\/portret-dziecka\/\",\"name\":\"Portret dziecka - Lunaris\",\"isPartOf\":{\"@id\":\"https:\/\/test.lunaris.wroclaw.pl\/de\/#website\"},\"primaryImageOfPage\":{\"@id\":\"https:\/\/test.lunaris.wroclaw.pl\/de\/produkt\/portret-dziecka\/#primaryimage\"},\"image\":{\"@id\":\"https:\/\/test.lunaris.wroclaw.pl\/de\/produkt\/portret-dziecka\/#primaryimage\"},\"thumbnailUrl\":\"https:\/\/test.lunaris.wroclaw.pl\/wp-content\/uploads\/2024\/02\/numerologia-portret-dziecka.webp\",\"datePublished\":\"2024-02-17T18:24:18+00:00\",\"dateModified\":\"2024-02-20T10:46:56+00:00\",\"breadcrumb\":{\"@id\":\"https:\/\/test.lunaris.wroclaw.pl\/de\/produkt\/portret-dziecka\/#breadcrumb\"},\"inLanguage\":\"de\",\"potentialAction\":[{\"@type\":\"ReadAction\",\"target\":[\"https:\/\/test.lunaris.wroclaw.pl\/de\/produkt\/portret-dziecka\/\"]}]},{\"@type\":\"ImageObject\",\"inLanguage\":\"de\",\"@id\":\"https:\/\/test.lunaris.wroclaw.pl\/de\/produkt\/portret-dziecka\/#primaryimage\",\"url\":\"https:\/\/test.lunaris.wroclaw.pl\/wp-content\/uploads\/2024\/02\/numerologia-portret-dziecka.webp\",\"contentUrl\":\"https:\/\/test.lunaris.wroclaw.pl\/wp-content\/uploads\/2024\/02\/numerologia-portret-dziecka.webp\",\"width\":1200,\"height\":800,\"caption\":\"Numerologiczny portret dziecka - Lunaris\"},{\"@type\":\"BreadcrumbList\",\"@id\":\"https:\/\/test.lunaris.wroclaw.pl\/de\/produkt\/portret-dziecka\/#breadcrumb\",\"itemListElement\":[{\"@type\":\"ListItem\",\"position\":1,\"name\":\"Strona g\u0142\u00f3wna\",\"item\":\"https:\/\/test.lunaris.wroclaw.pl\/de\/homepage\/\"},{\"@type\":\"ListItem\",\"position\":2,\"name\":\"Shop\",\"item\":\"https:\/\/test.lunaris.wroclaw.pl\/de\/shop\/\"},{\"@type\":\"ListItem\",\"position\":3,\"name\":\"Portret dziecka\"}]},{\"@type\":\"WebSite\",\"@id\":\"https:\/\/test.lunaris.wroclaw.pl\/de\/#website\",\"url\":\"https:\/\/test.lunaris.wroclaw.pl\/de\/\",\"name\":\"Lunaris\",\"description\":\"Numerologia\",\"publisher\":{\"@id\":\"https:\/\/test.lunaris.wroclaw.pl\/de\/#organization\"},\"potentialAction\":[{\"@type\":\"SearchAction\",\"target\":{\"@type\":\"EntryPoint\",\"urlTemplate\":\"https:\/\/test.lunaris.wroclaw.pl\/de\/?s={search_term_string}\"},\"query-input\":{\"@type\":\"PropertyValueSpecification\",\"valueRequired\":true,\"valueName\":\"search_term_string\"}}],\"inLanguage\":\"de\"},{\"@type\":\"Organization\",\"@id\":\"https:\/\/test.lunaris.wroclaw.pl\/de\/#organization\",\"name\":\"Lunaris\",\"url\":\"https:\/\/test.lunaris.wroclaw.pl\/de\/\",\"logo\":{\"@type\":\"ImageObject\",\"inLanguage\":\"de\",\"@id\":\"https:\/\/test.lunaris.wroclaw.pl\/de\/#\/schema\/logo\/image\/\",\"url\":\"https:\/\/test.lunaris.wroclaw.pl\/wp-content\/uploads\/2024\/02\/logo-Lunaris.png\",\"contentUrl\":\"https:\/\/test.lunaris.wroclaw.pl\/wp-content\/uploads\/2024\/02\/logo-Lunaris.png\",\"width\":226,\"height\":150,\"caption\":\"Lunaris\"},\"image\":{\"@id\":\"https:\/\/test.lunaris.wroclaw.pl\/de\/#\/schema\/logo\/image\/\"},\"sameAs\":[\"https:\/\/www.facebook.com\/lunaris.numerologia\"]}]}<\/script>\n<!-- \/ Yoast SEO plugin. -->","yoast_head_json":{"title":"Portret dziecka - Lunaris","robots":{"index":"noindex","follow":"follow","max-snippet":"max-snippet:-1","max-image-preview":"max-image-preview:large","max-video-preview":"max-video-preview:-1"},"og_locale":"de_DE","og_type":"article","og_title":"Portret dziecka - Lunaris","og_description":"Poczynaj\u0105c od \u017cycia pocz\u0119tego, poprzez rozw\u00f3j dziecka na poszczeg\u00f3lnych etapach \u017cycia, bliska memu sercu jest propozycja, aby wykorzysta\u0107 potencja\u0142 bycia rodzicem i podj\u0105\u0107 pr\u00f3b\u0119 wsparcia istoty, jak\u0105 jest dziecko. Na dat\u0119 urodzenia wp\u0142ywu nie mamy, ale mamy moc, aby skonsultowa\u0107 imiona i sprawdzi\u0107 jak b\u0119d\u0105 rezonowa\u0107 z nazwiskiem. Maj\u0105c \u015bwiadomo\u015b\u0107 potencja\u0142u i osobowo\u015bci dziecka mo\u017cemy [&hellip;]","og_url":"https:\/\/test.lunaris.wroclaw.pl\/de\/produkt\/portret-dziecka\/","og_site_name":"Lunaris","article_publisher":"https:\/\/www.facebook.com\/lunaris.numerologia","article_modified_time":"2024-02-20T10:46:56+00:00","og_image":[{"width":1200,"height":800,"url":"https:\/\/test.lunaris.wroclaw.pl\/wp-content\/uploads\/2024\/02\/numerologia-portret-dziecka.webp","type":"image\/webp"}],"twitter_card":"summary_large_image","twitter_misc":{"Gesch\u00e4tzte Lesezeit":"1 Minute"},"schema":{"@context":"https:\/\/schema.org","@graph":[{"@type":"WebPage","@id":"https:\/\/test.lunaris.wroclaw.pl\/de\/produkt\/portret-dziecka\/","url":"https:\/\/test.lunaris.wroclaw.pl\/de\/produkt\/portret-dziecka\/","name":"Portret dziecka - Lunaris","isPartOf":{"@id":"https:\/\/test.lunaris.wroclaw.pl\/de\/#website"},"primaryImageOfPage":{"@id":"https:\/\/test.lunaris.wroclaw.pl\/de\/produkt\/portret-dziecka\/#primaryimage"},"image":{"@id":"https:\/\/test.lunaris.wroclaw.pl\/de\/produkt\/portret-dziecka\/#primaryimage"},"thumbnailUrl":"https:\/\/test.lunaris.wroclaw.pl\/wp-content\/uploads\/2024\/02\/numerologia-portret-dziecka.webp","datePublished":"2024-02-17T18:24:18+00:00","dateModified":"2024-02-20T10:46:56+00:00","breadcrumb":{"@id":"https:\/\/test.lunaris.wroclaw.pl\/de\/produkt\/portret-dziecka\/#breadcrumb"},"inLanguage":"de","potentialAction":[{"@type":"ReadAction","target":["https:\/\/test.lunaris.wroclaw.pl\/de\/produkt\/portret-dziecka\/"]}]},{"@type":"ImageObject","inLanguage":"de","@id":"https:\/\/test.lunaris.wroclaw.pl\/de\/produkt\/portret-dziecka\/#primaryimage","url":"https:\/\/test.lunaris.wroclaw.pl\/wp-content\/uploads\/2024\/02\/numerologia-portret-dziecka.webp","contentUrl":"https:\/\/test.lunaris.wroclaw.pl\/wp-content\/uploads\/2024\/02\/numerologia-portret-dziecka.webp","width":1200,"height":800,"caption":"Numerologiczny portret dziecka - Lunaris"},{"@type":"BreadcrumbList","@id":"https:\/\/test.lunaris.wroclaw.pl\/de\/produkt\/portret-dziecka\/#breadcrumb","itemListElement":[{"@type":"ListItem","position":1,"name":"Strona g\u0142\u00f3wna","item":"https:\/\/test.lunaris.wroclaw.pl\/de\/homepage\/"},{"@type":"ListItem","position":2,"name":"Shop","item":"https:\/\/test.lunaris.wroclaw.pl\/de\/shop\/"},{"@type":"ListItem","position":3,"name":"Portret dziecka"}]},{"@type":"WebSite","@id":"https:\/\/test.lunaris.wroclaw.pl\/de\/#website","url":"https:\/\/test.lunaris.wroclaw.pl\/de\/","name":"Lunaris","description":"Numerologia","publisher":{"@id":"https:\/\/test.lunaris.wroclaw.pl\/de\/#organization"},"potentialAction":[{"@type":"SearchAction","target":{"@type":"EntryPoint","urlTemplate":"https:\/\/test.lunaris.wroclaw.pl\/de\/?s={search_term_string}"},"query-input":{"@type":"PropertyValueSpecification","valueRequired":true,"valueName":"search_term_string"}}],"inLanguage":"de"},{"@type":"Organization","@id":"https:\/\/test.lunaris.wroclaw.pl\/de\/#organization","name":"Lunaris","url":"https:\/\/test.lunaris.wroclaw.pl\/de\/","logo":{"@type":"ImageObject","inLanguage":"de","@id":"https:\/\/test.lunaris.wroclaw.pl\/de\/#\/schema\/logo\/image\/","url":"https:\/\/test.lunaris.wroclaw.pl\/wp-content\/uploads\/2024\/02\/logo-Lunaris.png","contentUrl":"https:\/\/test.lunaris.wroclaw.pl\/wp-content\/uploads\/2024\/02\/logo-Lunaris.png","width":226,"height":150,"caption":"Lunaris"},"image":{"@id":"https:\/\/test.lunaris.wroclaw.pl\/de\/#\/schema\/logo\/image\/"},"sameAs":["https:\/\/www.facebook.com\/lunaris.numerologia"]}]}},"_links":{"self":[{"href":"https:\/\/test.lunaris.wroclaw.pl\/de\/wp-json\/wp\/v2\/product\/331","targetHints":{"allow":["GET"]}}],"collection":[{"href":"https:\/\/test.lunaris.wroclaw.pl\/de\/wp-json\/wp\/v2\/product"}],"about":[{"href":"https:\/\/test.lunaris.wroclaw.pl\/de\/wp-json\/wp\/v2\/types\/product"}],"replies":[{"embeddable":true,"href":"https:\/\/test.lunaris.wroclaw.pl\/de\/wp-json\/wp\/v2\/comments?post=331"}],"wp:featuredmedia":[{"embeddable":true,"href":"https:\/\/test.lunaris.wroclaw.pl\/de\/wp-json\/wp\/v2\/media\/332"}],"wp:attachment":[{"href":"https:\/\/test.lunaris.wroclaw.pl\/de\/wp-json\/wp\/v2\/media?parent=331"}],"wp:term":[{"taxonomy":"product_cat","embeddable":true,"href":"https:\/\/test.lunaris.wroclaw.pl\/de\/wp-json\/wp\/v2\/product_cat?post=331"},{"taxonomy":"product_tag","embeddable":true,"href":"https:\/\/test.lunaris.wroclaw.pl\/de\/wp-json\/wp\/v2\/product_tag?post=331"}],"curies":[{"name":"wp","href":"https:\/\/api.w.org\/{rel}","templated":true}]}}